{"id":7739,"date":"2018-05-21T09:15:38","date_gmt":"2018-05-21T09:15:38","guid":{"rendered":"http:\/\/cadeinor.com\/politica-de-privacidade\/"},"modified":"2018-06-29T10:53:32","modified_gmt":"2018-06-29T10:53:32","slug":"privacy-policy","status":"publish","type":"page","link":"https:\/\/cadeinor.com\/fr\/privacy-policy\/","title":{"rendered":"Politique de confidentialit\u00e9"},"content":{"rendered":"<h2>Qui nous sommes<\/h2>\n<p>Notre site Web est: http:\/\/cadeinor.com<\/p>\n<h2>Quelles donn\u00e9es conservons-nous?<\/h2>\n<h3>Formulaires de contact<\/h3>\n<p>Nous demandons quelques informations sur nos formulaires de contact pour fournir un meilleur service client et une meilleure exp\u00e9rience d&rsquo;utilisation. Vos donn\u00e9es personnelles dans notre base de donn\u00e9es sont pour la communication seulement, avec ceci nous garantissons la confidentialit\u00e9 totale des informations. En soumettant la demande, vous acceptez nos politiques de donn\u00e9es.<\/p>\n<h3>Contenu provenant d&rsquo;autres sites Web<\/h3>\n<p>Les articles sur ce site peuvent inclure du contenu incorpor\u00e9 (par exemple, des vid\u00e9os, des images, des articles, etc.). Le contenu int\u00e9gr\u00e9 d&rsquo;autres sites se comporte comme si l&rsquo;utilisateur visitait ces sites.<\/p>\n<p>Ce site peut collecter des donn\u00e9es \u00e0 votre sujet, utiliser des cookies, incorporer un suivi tiers, surveiller vos interactions avec celui-ci, y compris enregistrer des interactions avec du contenu int\u00e9gr\u00e9 si vous avez un compte et \u00eates connect\u00e9 sur ce site.<\/p>\n<h3>Informations de contact<\/h3>\n<p>Vous pouvez acc\u00e9der \u00e0 notre page de contact pour entrer en contact avec nous.<\/p>\n","protected":false},"excerpt":{"rendered":"<p>Qui nous sommes Notre site Web est: http:\/\/cadeinor.com Quelles donn\u00e9es conservons-nous? Formulaires de contact Nous demandons quelques informations sur nos formulaires de contact pour fournir un meilleur service client et une meilleure exp\u00e9rience d&rsquo;utilisation. Vos donn\u00e9es personnelles dans notre base de donn\u00e9es sont pour la communication seulement, avec ceci nous garantissons la confidentialit\u00e9 totale des [&hellip;]<\/p>\n","protected":false},"author":9,"featured_media":0,"parent":0,"menu_order":0,"comment_status":"closed","ping_status":"closed","template":"","meta":{"inline_featured_image":false,"footnotes":""},"_links":{"self":[{"href":"https:\/\/cadeinor.com\/fr\/wp-json\/wp\/v2\/pages\/7739"}],"collection":[{"href":"https:\/\/cadeinor.com\/fr\/wp-json\/wp\/v2\/pages"}],"about":[{"href":"https:\/\/cadeinor.com\/fr\/wp-json\/wp\/v2\/types\/page"}],"author":[{"embeddable":true,"href":"https:\/\/cadeinor.com\/fr\/wp-json\/wp\/v2\/users\/9"}],"replies":[{"embeddable":true,"href":"https:\/\/cadeinor.com\/fr\/wp-json\/wp\/v2\/comments?post=7739"}],"version-history":[{"count":0,"href":"https:\/\/cadeinor.com\/fr\/wp-json\/wp\/v2\/pages\/7739\/revisions"}],"wp:attachment":[{"href":"https:\/\/cadeinor.com\/fr\/wp-json\/wp\/v2\/media?parent=7739"}],"curies":[{"name":"wp","href":"https:\/\/api.w.org\/{rel}","templated":true}]}}