{"id":7741,"date":"2018-05-21T09:15:38","date_gmt":"2018-05-21T09:15:38","guid":{"rendered":"http:\/\/cadeinor.com\/politica-de-privacidade\/"},"modified":"2018-06-29T10:53:19","modified_gmt":"2018-06-29T10:53:19","slug":"privacy-policy","status":"publish","type":"page","link":"https:\/\/cadeinor.com\/es\/privacy-policy\/","title":{"rendered":"Pol\u00edtica de privacidad"},"content":{"rendered":"<h2>Quienes somos<\/h2>\n<p>Nuestro sitio web es: http:\/\/cadeinor.com<\/p>\n<h2>\u00bfQu\u00e9 datos guardamos?<\/h2>\n<h3>Formularios de contacto<\/h3>\n<p>Pedimos informaci\u00f3n en los formularios de contacto\u00a0para garantizar un mejor servicio y experiencia de uso. Sus datos personales en nuestra base de datos sirven s\u00f3lo para la comunicaci\u00f3n, con esto garantizamos la total privacidad de la informaci\u00f3n.<\/p>\n<h3>Contenido de otros sitios web<\/h3>\n<p>Los art\u00edculos en este sitio pueden incluir contenido incrustado (por ejemplo, videos, im\u00e1genes, art\u00edculos, etc.). El contenido incrustado de otros sitios se comporta como si el usuario estuviera visitando esos sitios.<\/p>\n<p>Este sitio puede recopilar datos sobre usted, utilizar cookies, incorporar el seguimiento de terceros, controlar sus interacciones con \u00e9l, incluido el registro de interacciones con contenido incrustado si tiene una cuenta y ha iniciado sesi\u00f3n en ese sitio.<\/p>\n<h2>Informaci\u00f3n del contacto<\/h2>\n<p>Puede acceder a nuestra p\u00e1gina de contacto para ponerse en contacto con nosotros.<\/p>\n","protected":false},"excerpt":{"rendered":"<p>Quienes somos Nuestro sitio web es: http:\/\/cadeinor.com \u00bfQu\u00e9 datos guardamos? Formularios de contacto Pedimos informaci\u00f3n en los formularios de contacto\u00a0para garantizar un mejor servicio y experiencia de uso. Sus datos personales en nuestra base de datos sirven s\u00f3lo para la comunicaci\u00f3n, con esto garantizamos la total privacidad de la informaci\u00f3n. Contenido de otros sitios web [&hellip;]<\/p>\n","protected":false},"author":9,"featured_media":0,"parent":0,"menu_order":0,"comment_status":"closed","ping_status":"closed","template":"","meta":{"inline_featured_image":false,"footnotes":""},"_links":{"self":[{"href":"https:\/\/cadeinor.com\/es\/wp-json\/wp\/v2\/pages\/7741"}],"collection":[{"href":"https:\/\/cadeinor.com\/es\/wp-json\/wp\/v2\/pages"}],"about":[{"href":"https:\/\/cadeinor.com\/es\/wp-json\/wp\/v2\/types\/page"}],"author":[{"embeddable":true,"href":"https:\/\/cadeinor.com\/es\/wp-json\/wp\/v2\/users\/9"}],"replies":[{"embeddable":true,"href":"https:\/\/cadeinor.com\/es\/wp-json\/wp\/v2\/comments?post=7741"}],"version-history":[{"count":0,"href":"https:\/\/cadeinor.com\/es\/wp-json\/wp\/v2\/pages\/7741\/revisions"}],"wp:attachment":[{"href":"https:\/\/cadeinor.com\/es\/wp-json\/wp\/v2\/media?parent=7741"}],"curies":[{"name":"wp","href":"https:\/\/api.w.org\/{rel}","templated":true}]}}